{"id":996,"date":"2019-07-04T06:25:51","date_gmt":"2019-07-04T06:25:51","guid":{"rendered":"http:\/\/stoni.wgl-demo.net\/?page_id=996"},"modified":"2023-05-11T16:16:11","modified_gmt":"2023-05-11T16:16:11","slug":"kontakt","status":"publish","type":"page","link":"https:\/\/ornato.mk\/sq\/kontakt\/","title":{"rendered":"Kontakt"},"content":{"rendered":"\t\t<div data-elementor-type=\"wp-post\" data-elementor-id=\"996\" class=\"elementor elementor-996\" data-elementor-post-type=\"page\">\n\t\t\t\t\t\t<section class=\"elementor-section elementor-top-section elementor-element elementor-element-3988e58 wgl-add-background-text elementor-section-boxed elementor-section-height-default elementor-section-height-default wgl-animation-background-text\" data-id=\"3988e58\" data-element_type=\"section\" data-e-type=\"section\">\n\t\t\t\t\t\t<div class=\"elementor-container elementor-column-gap-default\">\n\t\t\t\t\t<div class=\"elementor-column elementor-col-100 elementor-top-column elementor-element elementor-element-8b9522f\" data-id=\"8b9522f\" data-element_type=\"column\" data-e-type=\"column\">\n\t\t\t<div class=\"elementor-widget-wrap elementor-element-populated\">\n\t\t\t\t\t\t<div class=\"elementor-element elementor-element-95541a4 elementor-widget elementor-widget-spacer\" data-id=\"95541a4\" data-element_type=\"widget\" data-e-type=\"widget\" data-widget_type=\"spacer.default\">\n\t\t\t\t<div class=\"elementor-widget-container\">\n\t\t\t\t\t\t\t<div class=\"elementor-spacer\">\n\t\t\t<div class=\"elementor-spacer-inner\"><\/div>\n\t\t<\/div>\n\t\t\t\t\t\t<\/div>\n\t\t\t\t<\/div>\n\t\t\t\t\t<\/div>\n\t\t<\/div>\n\t\t\t\t\t<\/div>\n\t\t<\/section>\n\t\t\t\t<section class=\"elementor-section elementor-top-section elementor-element elementor-element-84f4d2a elementor-section-boxed elementor-section-height-default elementor-section-height-default\" data-id=\"84f4d2a\" data-element_type=\"section\" data-e-type=\"section\">\n\t\t\t\t\t\t<div class=\"elementor-container elementor-column-gap-default\">\n\t\t\t\t\t<div class=\"elementor-column elementor-col-33 elementor-top-column elementor-element elementor-element-e8eff0f\" data-id=\"e8eff0f\" data-element_type=\"column\" data-e-type=\"column\">\n\t\t\t<div class=\"elementor-widget-wrap elementor-element-populated\">\n\t\t\t\t\t\t<div class=\"elementor-element elementor-element-5aa218a elementor-widget elementor-widget-image\" data-id=\"5aa218a\" data-element_type=\"widget\" data-e-type=\"widget\" data-widget_type=\"image.default\">\n\t\t\t\t<div class=\"elementor-widget-container\">\n\t\t\t\t\t\t\t\t\t\t\t\t\t\t\t<img fetchpriority=\"high\" decoding=\"async\" width=\"480\" height=\"540\" src=\"https:\/\/ornato.mk\/wp-content\/uploads\/2022\/06\/contactfdfdfds_1.jpg\" class=\"attachment-full size-full wp-image-2031\" alt=\"\" srcset=\"https:\/\/ornato.mk\/wp-content\/uploads\/2022\/06\/contactfdfdfds_1.jpg 480w, https:\/\/ornato.mk\/wp-content\/uploads\/2022\/06\/contactfdfdfds_1-267x300.jpg 267w\" sizes=\"(max-width: 480px) 100vw, 480px\" \/>\t\t\t\t\t\t\t\t\t\t\t\t\t\t\t<\/div>\n\t\t\t\t<\/div>\n\t\t\t\t\t<\/div>\n\t\t<\/div>\n\t\t\t\t<div class=\"elementor-column elementor-col-33 elementor-top-column elementor-element elementor-element-2488713\" data-id=\"2488713\" data-element_type=\"column\" data-e-type=\"column\">\n\t\t\t<div class=\"elementor-widget-wrap elementor-element-populated\">\n\t\t\t\t\t\t<div class=\"elementor-element elementor-element-c077fa8 elementor-widget elementor-widget-spacer\" data-id=\"c077fa8\" data-element_type=\"widget\" data-e-type=\"widget\" data-widget_type=\"spacer.default\">\n\t\t\t\t<div class=\"elementor-widget-container\">\n\t\t\t\t\t\t\t<div class=\"elementor-spacer\">\n\t\t\t<div class=\"elementor-spacer-inner\"><\/div>\n\t\t<\/div>\n\t\t\t\t\t\t<\/div>\n\t\t\t\t<\/div>\n\t\t\t\t<section class=\"elementor-section elementor-inner-section elementor-element elementor-element-cf6af06 elementor-section-boxed elementor-section-height-default elementor-section-height-default\" data-id=\"cf6af06\" data-element_type=\"section\" data-e-type=\"section\" data-settings=\"{&quot;background_background&quot;:&quot;classic&quot;}\">\n\t\t\t\t\t\t<div class=\"elementor-container elementor-column-gap-default\">\n\t\t\t\t\t<div class=\"elementor-column elementor-col-100 elementor-inner-column elementor-element elementor-element-63d1b20\" data-id=\"63d1b20\" data-element_type=\"column\" data-e-type=\"column\">\n\t\t\t<div class=\"elementor-widget-wrap elementor-element-populated\">\n\t\t\t\t\t\t<div class=\"elementor-element elementor-element-27887c1 elementor-position-left elementor-widget-icon-box wgl-icon-box elementor-view-default elementor-widget elementor-widget-wgl-info-box\" data-id=\"27887c1\" data-element_type=\"widget\" data-e-type=\"widget\" data-widget_type=\"wgl-info-box.default\">\n\t\t\t\t<div class=\"elementor-widget-container\">\n\t\t\t\t\t<div class=\"wgl-infobox\"><div class=\"wgl-infobox_wrapper elementor-icon-box-wrapper\"><div class=\"wgl-infobox-icon_wrapper elementor-icon-box-icon\"><div class=\"wgl-infobox-icon_container\"><span class=\"wgl-icon elementor-icon elementor-animation-\" ><i class=\"icon flaticon-placeholder-1\"><\/i><\/span><\/div><\/div><div class=\"wgl-infobox-content_wrapper elementor-icon-box-content\"><div class=\"wgl-infobox-title_wrapper\"><h3 class=\"wgl-infobox_title\">Adresa<\/h3><\/div><div class=\"wgl-infobox_content\"><p><span>Jadranska Magistrala 117, Shkup<\/span><\/p><\/div><\/div><a class=\"wgl-infobox_item_link\" href=\"https:\/\/goo.gl\/maps\/m4sLurGstpbfEMD36?coh=178572&#038;entry=tt\" target=\"_blank\"><\/a><\/div><\/div>\t\t\t\t<\/div>\n\t\t\t\t<\/div>\n\t\t\t\t<div class=\"elementor-element elementor-element-5152deb2 elementor-position-left elementor-widget-icon-box wgl-icon-box elementor-view-default elementor-widget elementor-widget-wgl-info-box\" data-id=\"5152deb2\" data-element_type=\"widget\" data-e-type=\"widget\" data-widget_type=\"wgl-info-box.default\">\n\t\t\t\t<div class=\"elementor-widget-container\">\n\t\t\t\t\t<div class=\"wgl-infobox\"><div class=\"wgl-infobox_wrapper elementor-icon-box-wrapper\"><div class=\"wgl-infobox-icon_wrapper elementor-icon-box-icon\"><div class=\"wgl-infobox-icon_container\"><span class=\"wgl-icon elementor-icon elementor-animation-\" ><i class=\"icon flaticon-phone-call\"><\/i><\/span><\/div><\/div><div class=\"wgl-infobox-content_wrapper elementor-icon-box-content\"><div class=\"wgl-infobox-title_wrapper\"><h3 class=\"wgl-infobox_title\">Telefon<\/h3><\/div><div class=\"wgl-infobox_content\"><p>070 454 737<\/p><\/div><\/div><a class=\"wgl-infobox_item_link\" href=\"tel:070454737\"><\/a><\/div><\/div>\t\t\t\t<\/div>\n\t\t\t\t<\/div>\n\t\t\t\t<div class=\"elementor-element elementor-element-65889c5 elementor-position-left elementor-widget-icon-box wgl-icon-box elementor-view-default elementor-widget elementor-widget-wgl-info-box\" data-id=\"65889c5\" data-element_type=\"widget\" data-e-type=\"widget\" data-widget_type=\"wgl-info-box.default\">\n\t\t\t\t<div class=\"elementor-widget-container\">\n\t\t\t\t\t<div class=\"wgl-infobox\"><div class=\"wgl-infobox_wrapper elementor-icon-box-wrapper\"><div class=\"wgl-infobox-icon_wrapper elementor-icon-box-icon\"><div class=\"wgl-infobox-icon_container\"><span class=\"wgl-icon elementor-icon elementor-animation-\" ><i class=\"icon flaticon-phone-call\"><\/i><\/span><\/div><\/div><div class=\"wgl-infobox-content_wrapper elementor-icon-box-content\"><div class=\"wgl-infobox-title_wrapper\"><h3 class=\"wgl-infobox_title\">Telefon<\/h3><\/div><div class=\"wgl-infobox_content\"><p>071 768 808<\/p><\/div><\/div><a class=\"wgl-infobox_item_link\" href=\"tel:071768808\"><\/a><\/div><\/div>\t\t\t\t<\/div>\n\t\t\t\t<\/div>\n\t\t\t\t<div class=\"elementor-element elementor-element-303c7ec3 elementor-position-left elementor-widget-icon-box wgl-icon-box elementor-view-default elementor-widget elementor-widget-wgl-info-box\" data-id=\"303c7ec3\" data-element_type=\"widget\" data-e-type=\"widget\" data-widget_type=\"wgl-info-box.default\">\n\t\t\t\t<div class=\"elementor-widget-container\">\n\t\t\t\t\t<div class=\"wgl-infobox\"><div class=\"wgl-infobox_wrapper elementor-icon-box-wrapper\"><div class=\"wgl-infobox-icon_wrapper elementor-icon-box-icon\"><div class=\"wgl-infobox-icon_container\"><span class=\"wgl-icon elementor-icon elementor-animation-\" ><i class=\"icon flaticon-email\"><\/i><\/span><\/div><\/div><div class=\"wgl-infobox-content_wrapper elementor-icon-box-content\"><div class=\"wgl-infobox-title_wrapper\"><h3 class=\"wgl-infobox_title\">Email<\/h3><\/div><div class=\"wgl-infobox_content\"><p>info@ornato.mk<\/p><\/div><\/div><a class=\"wgl-infobox_item_link\" href=\"mailto:info@ornato.mk\"><\/a><\/div><\/div>\t\t\t\t<\/div>\n\t\t\t\t<\/div>\n\t\t\t\t<div class=\"elementor-element elementor-element-5586ba26 elementor-widget__width-initial elementor-view-default elementor-widget elementor-widget-icon\" data-id=\"5586ba26\" data-element_type=\"widget\" data-e-type=\"widget\" data-widget_type=\"icon.default\">\n\t\t\t\t<div class=\"elementor-widget-container\">\n\t\t\t\t\t\t\t<div class=\"elementor-icon-wrapper\">\n\t\t\t<a class=\"elementor-icon\" href=\"https:\/\/www.facebook.com\/Ornatomk\">\n\t\t\t<svg aria-hidden=\"true\" class=\"e-font-icon-svg e-fab-facebook-f\" viewBox=\"0 0 320 512\" xmlns=\"http:\/\/www.w3.org\/2000\/svg\"><path d=\"M279.14 288l14.22-92.66h-88.91v-60.13c0-25.35 12.42-50.06 52.24-50.06h40.42V6.26S260.43 0 225.36 0c-73.22 0-121.08 44.38-121.08 124.72v70.62H22.89V288h81.39v224h100.17V288z\"><\/path><\/svg>\t\t\t<\/a>\n\t\t<\/div>\n\t\t\t\t\t\t<\/div>\n\t\t\t\t<\/div>\n\t\t\t\t<div class=\"elementor-element elementor-element-bd101f5 elementor-widget__width-initial elementor-view-default elementor-widget elementor-widget-icon\" data-id=\"bd101f5\" data-element_type=\"widget\" data-e-type=\"widget\" data-widget_type=\"icon.default\">\n\t\t\t\t<div class=\"elementor-widget-container\">\n\t\t\t\t\t\t\t<div class=\"elementor-icon-wrapper\">\n\t\t\t<a class=\"elementor-icon\" href=\"https:\/\/www.instagram.com\/ornato.mk\/\">\n\t\t\t<svg aria-hidden=\"true\" class=\"e-font-icon-svg e-fab-instagram\" viewBox=\"0 0 448 512\" xmlns=\"http:\/\/www.w3.org\/2000\/svg\"><path d=\"M224.1 141c-63.6 0-114.9 51.3-114.9 114.9s51.3 114.9 114.9 114.9S339 319.5 339 255.9 287.7 141 224.1 141zm0 189.6c-41.1 0-74.7-33.5-74.7-74.7s33.5-74.7 74.7-74.7 74.7 33.5 74.7 74.7-33.6 74.7-74.7 74.7zm146.4-194.3c0 14.9-12 26.8-26.8 26.8-14.9 0-26.8-12-26.8-26.8s12-26.8 26.8-26.8 26.8 12 26.8 26.8zm76.1 27.2c-1.7-35.9-9.9-67.7-36.2-93.9-26.2-26.2-58-34.4-93.9-36.2-37-2.1-147.9-2.1-184.9 0-35.8 1.7-67.6 9.9-93.9 36.1s-34.4 58-36.2 93.9c-2.1 37-2.1 147.9 0 184.9 1.7 35.9 9.9 67.7 36.2 93.9s58 34.4 93.9 36.2c37 2.1 147.9 2.1 184.9 0 35.9-1.7 67.7-9.9 93.9-36.2 26.2-26.2 34.4-58 36.2-93.9 2.1-37 2.1-147.8 0-184.8zM398.8 388c-7.8 19.6-22.9 34.7-42.6 42.6-29.5 11.7-99.5 9-132.1 9s-102.7 2.6-132.1-9c-19.6-7.8-34.7-22.9-42.6-42.6-11.7-29.5-9-99.5-9-132.1s-2.6-102.7 9-132.1c7.8-19.6 22.9-34.7 42.6-42.6 29.5-11.7 99.5-9 132.1-9s102.7-2.6 132.1 9c19.6 7.8 34.7 22.9 42.6 42.6 11.7 29.5 9 99.5 9 132.1s2.7 102.7-9 132.1z\"><\/path><\/svg>\t\t\t<\/a>\n\t\t<\/div>\n\t\t\t\t\t\t<\/div>\n\t\t\t\t<\/div>\n\t\t\t\t\t<\/div>\n\t\t<\/div>\n\t\t\t\t\t<\/div>\n\t\t<\/section>\n\t\t\t\t\t<\/div>\n\t\t<\/div>\n\t\t\t\t<div class=\"elementor-column elementor-col-33 elementor-top-column elementor-element elementor-element-3a6b21d\" data-id=\"3a6b21d\" data-element_type=\"column\" data-e-type=\"column\">\n\t\t\t<div class=\"elementor-widget-wrap elementor-element-populated\">\n\t\t\t\t\t\t<div class=\"elementor-element elementor-element-8303ab3 elementor-widget elementor-widget-spacer\" data-id=\"8303ab3\" data-element_type=\"widget\" data-e-type=\"widget\" data-widget_type=\"spacer.default\">\n\t\t\t\t<div class=\"elementor-widget-container\">\n\t\t\t\t\t\t\t<div class=\"elementor-spacer\">\n\t\t\t<div class=\"elementor-spacer-inner\"><\/div>\n\t\t<\/div>\n\t\t\t\t\t\t<\/div>\n\t\t\t\t<\/div>\n\t\t\t\t<div class=\"elementor-element elementor-element-30bb484 aleft elementor-widget elementor-widget-wgl-double-headings\" data-id=\"30bb484\" data-element_type=\"widget\" data-e-type=\"widget\" data-widget_type=\"wgl-double-headings.default\">\n\t\t\t\t<div class=\"elementor-widget-container\">\n\t\t\t\t\t<div class=\"wgl-double_heading\">                <h3 class=\"dbl-title_wrapper\"><span class=\"dbl-title dbl-title_1\">KENI<\/span> <span class=\"dbl-title dbl-title_2\">PYETJE?<\/span>                 <\/h3>        <\/div>\t\t\t\t<\/div>\n\t\t\t\t<\/div>\n\t\t\t\t<div class=\"elementor-element elementor-element-de5014d elementor-widget elementor-widget-text-editor\" data-id=\"de5014d\" data-element_type=\"widget\" data-e-type=\"widget\" data-widget_type=\"text-editor.default\">\n\t\t\t\t<div class=\"elementor-widget-container\">\n\t\t\t\t\t\t\t\t\t<p>Na tregoni p\u00ebr projektin tuaj dhe le t\u00eb p\u00ebrcaktojm\u00eb s\u00eb bashku dekorin q\u00eb ju p\u00ebrshtatet.<\/p>\t\t\t\t\t\t\t\t<\/div>\n\t\t\t\t<\/div>\n\t\t\t\t<div class=\"elementor-element elementor-element-5ea79ed elementor-widget elementor-widget-text-editor\" data-id=\"5ea79ed\" data-element_type=\"widget\" data-e-type=\"widget\" data-widget_type=\"text-editor.default\">\n\t\t\t\t<div class=\"elementor-widget-container\">\n\t\t\t\t\t\t\t\t\t\n<div class=\"wpcf7 no-js\" id=\"wpcf7-f1000-o1\" lang=\"en-US\" dir=\"ltr\" data-wpcf7-id=\"1000\">\n<div class=\"screen-reader-response\"><p role=\"status\" aria-live=\"polite\" aria-atomic=\"true\"><\/p> <ul><\/ul><\/div>\n<form action=\"\/sq\/wp-json\/wp\/v2\/pages\/996#wpcf7-f1000-o1\" method=\"post\" class=\"wpcf7-form init\" aria-label=\"Contact form\" novalidate=\"novalidate\" data-status=\"init\">\n<fieldset class=\"hidden-fields-container\"><input type=\"hidden\" name=\"_wpcf7\" value=\"1000\" \/><input type=\"hidden\" name=\"_wpcf7_version\" value=\"6.1.5\" \/><input type=\"hidden\" name=\"_wpcf7_locale\" value=\"en_US\" \/><input type=\"hidden\" name=\"_wpcf7_unit_tag\" value=\"wpcf7-f1000-o1\" \/><input type=\"hidden\" name=\"_wpcf7_container_post\" value=\"0\" \/><input type=\"hidden\" name=\"_wpcf7_posted_data_hash\" value=\"\" \/><input type=\"hidden\" name=\"_wpcf7_recaptcha_response\" value=\"\" \/>\n<\/fieldset>\n<div class='row'>\n\t<div class='wgl_col-12'>\n\t\t<p><span class=\"wpcf7-form-control-wrap\" data-name=\"your-name\"><input size=\"40\" maxlength=\"400\" class=\"wpcf7-form-control wpcf7-text\" aria-invalid=\"false\" placeholder=\"Emri *\" value=\"\" type=\"text\" name=\"your-name\" \/><\/span>\n\t\t<\/p>\n\t<\/div>\n\t<div class='wgl_col-12'>\n\t\t<p><span class=\"wpcf7-form-control-wrap\" data-name=\"your-email\"><input size=\"40\" maxlength=\"400\" class=\"wpcf7-form-control wpcf7-email wpcf7-validates-as-required wpcf7-text wpcf7-validates-as-email\" aria-required=\"true\" aria-invalid=\"false\" placeholder=\"Email adresa *\" value=\"\" type=\"email\" name=\"your-email\" \/><\/span>\n\t\t<\/p>\n\t<\/div>\n\t<div class='wgl_col-12'>\n\t\t<p><span class=\"wpcf7-form-control-wrap\" data-name=\"your-message\"><textarea cols=\"40\" rows=\"10\" maxlength=\"2000\" class=\"wpcf7-form-control wpcf7-textarea\" aria-invalid=\"false\" placeholder=\"Mesazhi *\" name=\"your-message\"><\/textarea><\/span>\n\t\t<\/p>\n\t<\/div>\n<\/div>\n<p><small>This site is protected by reCAPTCHA and the Google <a href=\"https:\/\/policies.google.com\/privacy\">Privacy Policy<\/a> and <a href=\"https:\/\/policies.google.com\/terms\">Terms of Service<\/a> apply.<\/small><br \/>\n<input class=\"wpcf7-form-control wpcf7-submit has-spinner\" type=\"submit\" value=\"D\u00ebrgo mesazhin\" \/>\n<\/p><div class=\"wpcf7-response-output\" aria-hidden=\"true\"><\/div>\n<\/form>\n<\/div>\n\t\t\t\t\t\t\t\t<\/div>\n\t\t\t\t<\/div>\n\t\t\t\t\t<\/div>\n\t\t<\/div>\n\t\t\t\t\t<\/div>\n\t\t<\/section>\n\t\t\t\t<section class=\"elementor-section elementor-top-section elementor-element elementor-element-d1ad7d2 elementor-section-boxed elementor-section-height-default elementor-section-height-default\" data-id=\"d1ad7d2\" data-element_type=\"section\" data-e-type=\"section\">\n\t\t\t\t\t\t<div class=\"elementor-container elementor-column-gap-default\">\n\t\t\t\t\t<div class=\"elementor-column elementor-col-100 elementor-top-column elementor-element elementor-element-f07728c\" data-id=\"f07728c\" data-element_type=\"column\" data-e-type=\"column\">\n\t\t\t<div class=\"elementor-widget-wrap elementor-element-populated\">\n\t\t\t\t\t\t<div class=\"elementor-element elementor-element-51e64ee elementor-widget elementor-widget-spacer\" data-id=\"51e64ee\" data-element_type=\"widget\" data-e-type=\"widget\" data-widget_type=\"spacer.default\">\n\t\t\t\t<div class=\"elementor-widget-container\">\n\t\t\t\t\t\t\t<div class=\"elementor-spacer\">\n\t\t\t<div class=\"elementor-spacer-inner\"><\/div>\n\t\t<\/div>\n\t\t\t\t\t\t<\/div>\n\t\t\t\t<\/div>\n\t\t\t\t\t<\/div>\n\t\t<\/div>\n\t\t\t\t\t<\/div>\n\t\t<\/section>\n\t\t\t\t<\/div>\n\t\t","protected":false},"excerpt":{"rendered":"<p>Adresa Jadranska Magistrala 117, Shkup Telefon 070 454 737 Telefon 071 768 808 Email info@ornato.mk KENI PYETJE? Na tregoni p\u00ebr projektin tuaj dhe le t\u00eb p\u00ebrcaktojm\u00eb s\u00eb bashku dekorin q\u00eb ju p\u00ebrshtatet.<\/p>\n","protected":false},"author":1,"featured_media":0,"parent":0,"menu_order":0,"comment_status":"closed","ping_status":"closed","template":"","meta":{"_acf_changed":false,"footnotes":""},"class_list":["post-996","page","type-page","status-publish","hentry"],"acf":[],"_links":{"self":[{"href":"https:\/\/ornato.mk\/sq\/wp-json\/wp\/v2\/pages\/996","targetHints":{"allow":["GET"]}}],"collection":[{"href":"https:\/\/ornato.mk\/sq\/wp-json\/wp\/v2\/pages"}],"about":[{"href":"https:\/\/ornato.mk\/sq\/wp-json\/wp\/v2\/types\/page"}],"author":[{"embeddable":true,"href":"https:\/\/ornato.mk\/sq\/wp-json\/wp\/v2\/users\/1"}],"replies":[{"embeddable":true,"href":"https:\/\/ornato.mk\/sq\/wp-json\/wp\/v2\/comments?post=996"}],"version-history":[{"count":3,"href":"https:\/\/ornato.mk\/sq\/wp-json\/wp\/v2\/pages\/996\/revisions"}],"predecessor-version":[{"id":4021,"href":"https:\/\/ornato.mk\/sq\/wp-json\/wp\/v2\/pages\/996\/revisions\/4021"}],"wp:attachment":[{"href":"https:\/\/ornato.mk\/sq\/wp-json\/wp\/v2\/media?parent=996"}],"curies":[{"name":"wp","href":"https:\/\/api.w.org\/{rel}","templated":true}]}}