{"id":2150,"date":"2022-06-02T16:00:02","date_gmt":"2022-06-02T16:00:02","guid":{"rendered":"https:\/\/ornato.mk\/?page_id=2150"},"modified":"2022-06-03T15:22:05","modified_gmt":"2022-06-03T15:22:05","slug":"vizualizim","status":"publish","type":"page","link":"https:\/\/ornato.mk\/sq\/vizualizim\/","title":{"rendered":"Vizualizim"},"content":{"rendered":"\t\t<div data-elementor-type=\"wp-page\" data-elementor-id=\"2150\" class=\"elementor elementor-2150\" data-elementor-post-type=\"page\">\n\t\t\t\t\t\t<section class=\"elementor-section elementor-top-section elementor-element elementor-element-8aa1632 wgl-add-background-text elementor-section-boxed elementor-section-height-default elementor-section-height-default wgl-animation-background-text\" data-id=\"8aa1632\" data-element_type=\"section\" data-e-type=\"section\">\n\t\t\t\t\t\t<div class=\"elementor-container elementor-column-gap-default\">\n\t\t\t\t\t<div class=\"elementor-column elementor-col-100 elementor-top-column elementor-element elementor-element-9ce7bac\" data-id=\"9ce7bac\" data-element_type=\"column\" data-e-type=\"column\">\n\t\t\t<div class=\"elementor-widget-wrap\">\n\t\t\t\t\t\t\t<\/div>\n\t\t<\/div>\n\t\t\t\t\t<\/div>\n\t\t<\/section>\n\t\t\t\t<section class=\"elementor-section elementor-top-section elementor-element elementor-element-72c6ada elementor-section-boxed elementor-section-height-default elementor-section-height-default\" data-id=\"72c6ada\" data-element_type=\"section\" data-e-type=\"section\">\n\t\t\t\t\t\t<div class=\"elementor-container elementor-column-gap-default\">\n\t\t\t\t\t<div class=\"elementor-column elementor-col-33 elementor-top-column elementor-element elementor-element-facddd6\" data-id=\"facddd6\" data-element_type=\"column\" data-e-type=\"column\">\n\t\t\t<div class=\"elementor-widget-wrap elementor-element-populated\">\n\t\t\t\t\t\t<div class=\"elementor-element elementor-element-98b8622 elementor-widget elementor-widget-spacer\" data-id=\"98b8622\" data-element_type=\"widget\" data-e-type=\"widget\" data-widget_type=\"spacer.default\">\n\t\t\t\t<div class=\"elementor-widget-container\">\n\t\t\t\t\t\t\t<div class=\"elementor-spacer\">\n\t\t\t<div class=\"elementor-spacer-inner\"><\/div>\n\t\t<\/div>\n\t\t\t\t\t\t<\/div>\n\t\t\t\t<\/div>\n\t\t\t\t<div class=\"elementor-element elementor-element-41129e4 aleft elementor-widget elementor-widget-wgl-double-headings\" data-id=\"41129e4\" data-element_type=\"widget\" data-e-type=\"widget\" data-widget_type=\"wgl-double-headings.default\">\n\t\t\t\t<div class=\"elementor-widget-container\">\n\t\t\t\t\t<div class=\"wgl-double_heading\">                <h3 class=\"dbl-title_wrapper\"><span class=\"dbl-title dbl-title_1\">Provoni<\/span> <span class=\"dbl-title dbl-title_2\">vizualizuesin<\/span>                 <\/h3>        <\/div>\t\t\t\t<\/div>\n\t\t\t\t<\/div>\n\t\t\t\t<div class=\"elementor-element elementor-element-5f5e6d0 elementor-widget elementor-widget-text-editor\" data-id=\"5f5e6d0\" data-element_type=\"widget\" data-e-type=\"widget\" data-widget_type=\"text-editor.default\">\n\t\t\t\t<div class=\"elementor-widget-container\">\n\t\t\t\t\t\t\t\t\tZgjidhni nj\u00eb produkt dhe gjeni p\u00ebrputhjen e duhur p\u00ebr murin tuaj.\t\t\t\t\t\t\t\t<\/div>\n\t\t\t\t<\/div>\n\t\t\t\t<div class=\"elementor-element elementor-element-79f482c elementor-widget elementor-widget-spacer\" data-id=\"79f482c\" data-element_type=\"widget\" data-e-type=\"widget\" data-widget_type=\"spacer.default\">\n\t\t\t\t<div class=\"elementor-widget-container\">\n\t\t\t\t\t\t\t<div class=\"elementor-spacer\">\n\t\t\t<div class=\"elementor-spacer-inner\"><\/div>\n\t\t<\/div>\n\t\t\t\t\t\t<\/div>\n\t\t\t\t<\/div>\n\t\t\t\t<div class=\"elementor-element elementor-element-f0850da elementor-widget elementor-widget-wgl-button\" data-id=\"f0850da\" data-element_type=\"widget\" data-e-type=\"widget\" data-widget_type=\"wgl-button.default\">\n\t\t\t\t<div class=\"elementor-widget-container\">\n\t\t\t\t\t            <div class=\"elementor-button-wrapper\">\n                <a class=\"wgl-button elementor-button elementor-size-lg elementor-animation-\" role=\"button\" id=\"ornato_visual_btn\">\n                    <span class=\"elementor-button-content-wrapper elementor-align-icon-\"><span class=\"elementor-button-text\">Hap vizualizuesin<\/span><\/span>                <\/a>\n            <\/div>\n            \t\t\t\t<\/div>\n\t\t\t\t<\/div>\n\t\t\t\t\t<\/div>\n\t\t<\/div>\n\t\t\t\t<div class=\"elementor-column elementor-col-66 elementor-top-column elementor-element elementor-element-95299c3\" data-id=\"95299c3\" data-element_type=\"column\" data-e-type=\"column\">\n\t\t\t<div class=\"elementor-widget-wrap elementor-element-populated\">\n\t\t\t\t\t\t<div class=\"elementor-element elementor-element-82550d9 elementor-widget elementor-widget-image\" data-id=\"82550d9\" data-element_type=\"widget\" data-e-type=\"widget\" data-widget_type=\"image.default\">\n\t\t\t\t<div class=\"elementor-widget-container\">\n\t\t\t\t\t\t\t\t\t\t\t\t\t\t\t<img fetchpriority=\"high\" decoding=\"async\" width=\"1024\" height=\"730\" src=\"https:\/\/ornato.mk\/wp-content\/uploads\/2022\/06\/fdfd.jpg\" class=\"attachment-large size-large wp-image-2276\" alt=\"\" srcset=\"https:\/\/ornato.mk\/wp-content\/uploads\/2022\/06\/fdfd.jpg 1024w, https:\/\/ornato.mk\/wp-content\/uploads\/2022\/06\/fdfd-300x214.jpg 300w, https:\/\/ornato.mk\/wp-content\/uploads\/2022\/06\/fdfd-768x548.jpg 768w\" sizes=\"(max-width: 1024px) 100vw, 1024px\" \/>\t\t\t\t\t\t\t\t\t\t\t\t\t\t\t<\/div>\n\t\t\t\t<\/div>\n\t\t\t\t\t<\/div>\n\t\t<\/div>\n\t\t\t\t\t<\/div>\n\t\t<\/section>\n\t\t\t\t<\/div>\n\t\t","protected":false},"excerpt":{"rendered":"<p>Provoni vizualizuesin Zgjidhni nj\u00eb produkt dhe gjeni p\u00ebrputhjen e duhur p\u00ebr murin tuaj. Hap vizualizuesin<\/p>\n","protected":false},"author":1,"featured_media":0,"parent":0,"menu_order":0,"comment_status":"closed","ping_status":"closed","template":"","meta":{"_acf_changed":false,"footnotes":""},"class_list":["post-2150","page","type-page","status-publish","hentry"],"acf":[],"_links":{"self":[{"href":"https:\/\/ornato.mk\/sq\/wp-json\/wp\/v2\/pages\/2150","targetHints":{"allow":["GET"]}}],"collection":[{"href":"https:\/\/ornato.mk\/sq\/wp-json\/wp\/v2\/pages"}],"about":[{"href":"https:\/\/ornato.mk\/sq\/wp-json\/wp\/v2\/types\/page"}],"author":[{"embeddable":true,"href":"https:\/\/ornato.mk\/sq\/wp-json\/wp\/v2\/users\/1"}],"replies":[{"embeddable":true,"href":"https:\/\/ornato.mk\/sq\/wp-json\/wp\/v2\/comments?post=2150"}],"version-history":[{"count":3,"href":"https:\/\/ornato.mk\/sq\/wp-json\/wp\/v2\/pages\/2150\/revisions"}],"predecessor-version":[{"id":2371,"href":"https:\/\/ornato.mk\/sq\/wp-json\/wp\/v2\/pages\/2150\/revisions\/2371"}],"wp:attachment":[{"href":"https:\/\/ornato.mk\/sq\/wp-json\/wp\/v2\/media?parent=2150"}],"curies":[{"name":"wp","href":"https:\/\/api.w.org\/{rel}","templated":true}]}}